{"id":75,"date":"2022-09-29T05:39:03","date_gmt":"2022-09-29T05:39:03","guid":{"rendered":"http:\/\/wp1.efforttech.com\/wp\/bricks\/?page_id=75"},"modified":"2023-08-18T08:15:46","modified_gmt":"2023-08-18T08:15:46","slug":"blog-right-sidebar","status":"publish","type":"page","link":"https:\/\/trisatyaa.com\/index.php\/blog-right-sidebar\/","title":{"rendered":"Blog Right Sidebar"},"content":{"rendered":"\t\t<div data-elementor-type=\"wp-page\" data-elementor-id=\"75\" class=\"elementor elementor-75\">\n\t\t\t\t\t\t<section class=\"elementor-section elementor-top-section elementor-element elementor-element-1ad3867 elementor-section-full_width elementor-section-height-default elementor-section-height-default\" data-id=\"1ad3867\" data-element_type=\"section\">\n\t\t\t\t\t\t<div class=\"elementor-container elementor-column-gap-default\">\n\t\t\t\t\t<div class=\"elementor-column elementor-col-100 elementor-top-column elementor-element elementor-element-9a863e0\" data-id=\"9a863e0\" data-element_type=\"column\">\n\t\t\t<div class=\"elementor-widget-wrap elementor-element-populated\">\n\t\t\t\t\t\t<div class=\"elementor-element elementor-element-b8caa2f elementor-widget elementor-widget-bricks_our_blog_v5\" data-id=\"b8caa2f\" data-element_type=\"widget\" data-widget_type=\"bricks_our_blog_v5.default\">\n\t\t\t\t<div class=\"elementor-widget-container\">\n\t\t\t  \t\n    <!-- Sidebar Page Container -->\n    <div class=\"sidebar-page-container\">\n    \t<div class=\"auto-container\">\n        \t<div class=\"row clearfix\">\n            \t                <!-- Content Side -->\n                <div class=\"content-side  col-lg-8 col-md-12 col-sm-12\">\n\t\t\t\t\t<div class=\"row clearfix\">\n\t\t\t\t\t\t                        <!-- News Block -->\n\t\t\t\t\t\t<div class=\"news-block-two col-lg-6 col-md-6 col-sm-12\">\n\t\t\t\t\t\t\t<div class=\"inner-box\">\n\t\t\t\t\t\t\t\t<div class=\"image\">\n\t\t\t\t\t\t\t\t\t<a href=\"https:\/\/trisatyaa.com\/index.php\/2026\/04\/15\/bethub-ile-eglenceli-ve-kazancli-bir-deneyim\/\"><\/a>\n\t\t\t\t\t\t\t\t\t<div class=\"post-date\">April 15, 2026<\/div>\n\t\t\t\t\t\t\t\t<\/div>\n\t\t\t\t\t\t\t\t<div class=\"lower-content\">\n\t\t\t\t\t\t\t\t\t<ul class=\"post-meta\">\n\t\t\t\t\t\t\t\t\t\t<li><span class=\"icon fa fa-user\"><\/span>wadmine<\/li>\n\t\t\t\t\t\t\t\t\t\t<li><span class=\"icon fa fa-comment\"><\/span>0 Comments<\/li>\n\t\t\t\t\t\t\t\t\t<\/ul>\n\t\t\t\t\t\t\t\t\t<h4><a href=\"https:\/\/trisatyaa.com\/index.php\/2026\/04\/15\/bethub-ile-eglenceli-ve-kazancli-bir-deneyim\/\">bethub ile E\u011flenceli ve Kazan\u00e7l\u0131 Bir Deneyim<div id=\"toc\" style=\"background: #f9f9f2;border: 1px solid #aaa;display:<\/a><\/h4>\n\t\t\t\t\t\t\t\t\t<div class=\"text\">table;margin-bottom: 1em;padding: 1em;width: 350px;&#8221;&gt; Content Bethub Slot ve Canl\u0131 Oyun ...<\/div>\n\t\t\t\t\t\t\t\t<\/div>\n\t\t\t\t\t\t\t<\/div>\n\t\t\t\t\t\t<\/div>\n\t\t\t\t\t\t                        <!-- News Block -->\n\t\t\t\t\t\t<div class=\"news-block-two col-lg-6 col-md-6 col-sm-12\">\n\t\t\t\t\t\t\t<div class=\"inner-box\">\n\t\t\t\t\t\t\t\t<div class=\"image\">\n\t\t\t\t\t\t\t\t\t<a href=\"https:\/\/trisatyaa.com\/index.php\/2026\/04\/05\/gates-of-olympus-slotu-ile-aninda-odul-kazan\/\"><\/a>\n\t\t\t\t\t\t\t\t\t<div class=\"post-date\">April 5, 2026<\/div>\n\t\t\t\t\t\t\t\t<\/div>\n\t\t\t\t\t\t\t\t<div class=\"lower-content\">\n\t\t\t\t\t\t\t\t\t<ul class=\"post-meta\">\n\t\t\t\t\t\t\t\t\t\t<li><span class=\"icon fa fa-user\"><\/span>wadmine<\/li>\n\t\t\t\t\t\t\t\t\t\t<li><span class=\"icon fa fa-comment\"><\/span>0 Comments<\/li>\n\t\t\t\t\t\t\t\t\t<\/ul>\n\t\t\t\t\t\t\t\t\t<h4><a href=\"https:\/\/trisatyaa.com\/index.php\/2026\/04\/05\/gates-of-olympus-slotu-ile-aninda-odul-kazan\/\">Gates of Olympus slotu ile an\u0131nda \u00f6d\u00fcl kazan<\/a><\/h4>\n\t\t\t\t\t\t\t\t\t<div class=\"text\">Content Ayr\u0131ca, oyunun demo s\u00fcr\u00fcm\u00fcn\u00fc de deneyerek oyuna al\u0131\u015fabilirsiniz. Gates ...<\/div>\n\t\t\t\t\t\t\t\t<\/div>\n\t\t\t\t\t\t\t<\/div>\n\t\t\t\t\t\t<\/div>\n\t\t\t\t\t\t                        <!-- News Block -->\n\t\t\t\t\t\t<div class=\"news-block-two col-lg-6 col-md-6 col-sm-12\">\n\t\t\t\t\t\t\t<div class=\"inner-box\">\n\t\t\t\t\t\t\t\t<div class=\"image\">\n\t\t\t\t\t\t\t\t\t<a href=\"https:\/\/trisatyaa.com\/index.php\/2026\/03\/28\/zeus-ile-yaris-gates-of-olympusta-sampiyon-ol\/\"><\/a>\n\t\t\t\t\t\t\t\t\t<div class=\"post-date\">March 28, 2026<\/div>\n\t\t\t\t\t\t\t\t<\/div>\n\t\t\t\t\t\t\t\t<div class=\"lower-content\">\n\t\t\t\t\t\t\t\t\t<ul class=\"post-meta\">\n\t\t\t\t\t\t\t\t\t\t<li><span class=\"icon fa fa-user\"><\/span>wadmine<\/li>\n\t\t\t\t\t\t\t\t\t\t<li><span class=\"icon fa fa-comment\"><\/span>0 Comments<\/li>\n\t\t\t\t\t\t\t\t\t<\/ul>\n\t\t\t\t\t\t\t\t\t<h4><a href=\"https:\/\/trisatyaa.com\/index.php\/2026\/03\/28\/zeus-ile-yaris-gates-of-olympusta-sampiyon-ol\/\">Zeus ile Yar\u0131s, Gates of Olympus&#8217;ta sampiyon Ol<\/a><\/h4>\n\t\t\t\t\t\t\t\t\t<div class=\"text\"><\/div>\n\t\t\t\t\t\t\t\t<\/div>\n\t\t\t\t\t\t\t<\/div>\n\t\t\t\t\t\t<\/div>\n\t\t\t\t\t\t                        <!-- News Block -->\n\t\t\t\t\t\t<div class=\"news-block-two col-lg-6 col-md-6 col-sm-12\">\n\t\t\t\t\t\t\t<div class=\"inner-box\">\n\t\t\t\t\t\t\t\t<div class=\"image\">\n\t\t\t\t\t\t\t\t\t<a href=\"https:\/\/trisatyaa.com\/index.php\/2026\/03\/24\/gates-of-olympus-oyununda-mitolojik-zenginlikler-seni-bekliyor\/\"><\/a>\n\t\t\t\t\t\t\t\t\t<div class=\"post-date\">March 24, 2026<\/div>\n\t\t\t\t\t\t\t\t<\/div>\n\t\t\t\t\t\t\t\t<div class=\"lower-content\">\n\t\t\t\t\t\t\t\t\t<ul class=\"post-meta\">\n\t\t\t\t\t\t\t\t\t\t<li><span class=\"icon fa fa-user\"><\/span>wadmine<\/li>\n\t\t\t\t\t\t\t\t\t\t<li><span class=\"icon fa fa-comment\"><\/span>0 Comments<\/li>\n\t\t\t\t\t\t\t\t\t<\/ul>\n\t\t\t\t\t\t\t\t\t<h4><a href=\"https:\/\/trisatyaa.com\/index.php\/2026\/03\/24\/gates-of-olympus-oyununda-mitolojik-zenginlikler-seni-bekliyor\/\">Gates of Olympus oyununda mitolojik zenginlikler seni bekliyor<\/a><\/h4>\n\t\t\t\t\t\t\t\t\t<div class=\"text\">Content Oyun Analizi: gates of olympus slot oyunu Wazdan demo ...<\/div>\n\t\t\t\t\t\t\t\t<\/div>\n\t\t\t\t\t\t\t<\/div>\n\t\t\t\t\t\t<\/div>\n\t\t\t\t\t\t                        <!-- News Block -->\n\t\t\t\t\t\t<div class=\"news-block-two col-lg-6 col-md-6 col-sm-12\">\n\t\t\t\t\t\t\t<div class=\"inner-box\">\n\t\t\t\t\t\t\t\t<div class=\"image\">\n\t\t\t\t\t\t\t\t\t<a href=\"https:\/\/trisatyaa.com\/index.php\/2026\/03\/15\/bethub-estrategia-de-pausa-tras-cada-gol\/\"><\/a>\n\t\t\t\t\t\t\t\t\t<div class=\"post-date\">March 15, 2026<\/div>\n\t\t\t\t\t\t\t\t<\/div>\n\t\t\t\t\t\t\t\t<div class=\"lower-content\">\n\t\t\t\t\t\t\t\t\t<ul class=\"post-meta\">\n\t\t\t\t\t\t\t\t\t\t<li><span class=\"icon fa fa-user\"><\/span>wadmine<\/li>\n\t\t\t\t\t\t\t\t\t\t<li><span class=\"icon fa fa-comment\"><\/span>0 Comments<\/li>\n\t\t\t\t\t\t\t\t\t<\/ul>\n\t\t\t\t\t\t\t\t\t<h4><a href=\"https:\/\/trisatyaa.com\/index.php\/2026\/03\/15\/bethub-estrategia-de-pausa-tras-cada-gol\/\">Bethub estrategia de pausa tras cada gol<div id=\"toc\" style=\"background: #f9f9f2;border: 1px solid #aaa;display:<\/a><\/h4>\n\t\t\t\t\t\t\t\t\t<div class=\"text\">table;margin-bottom: 1em;padding: 1em;width: 350px;&#8221;&gt; Content Definir una regla: no apostar ...<\/div>\n\t\t\t\t\t\t\t\t<\/div>\n\t\t\t\t\t\t\t<\/div>\n\t\t\t\t\t\t<\/div>\n\t\t\t\t\t\t                        <!-- News Block -->\n\t\t\t\t\t\t<div class=\"news-block-two col-lg-6 col-md-6 col-sm-12\">\n\t\t\t\t\t\t\t<div class=\"inner-box\">\n\t\t\t\t\t\t\t\t<div class=\"image\">\n\t\t\t\t\t\t\t\t\t<a href=\"https:\/\/trisatyaa.com\/index.php\/2026\/03\/08\/cat-casino-zapominayushtiesya-vpecatleniya-ot-igr\/\"><\/a>\n\t\t\t\t\t\t\t\t\t<div class=\"post-date\">March 8, 2026<\/div>\n\t\t\t\t\t\t\t\t<\/div>\n\t\t\t\t\t\t\t\t<div class=\"lower-content\">\n\t\t\t\t\t\t\t\t\t<ul class=\"post-meta\">\n\t\t\t\t\t\t\t\t\t\t<li><span class=\"icon fa fa-user\"><\/span>wadmine<\/li>\n\t\t\t\t\t\t\t\t\t\t<li><span class=\"icon fa fa-comment\"><\/span>0 Comments<\/li>\n\t\t\t\t\t\t\t\t\t<\/ul>\n\t\t\t\t\t\t\t\t\t<h4><a href=\"https:\/\/trisatyaa.com\/index.php\/2026\/03\/08\/cat-casino-zapominayushtiesya-vpecatleniya-ot-igr\/\">Cat Casino: \u0437\u0430\u043f\u043e\u043c\u0438\u043d\u0430\u044e\u0449\u0438\u0435\u0441\u044f \u0432\u043f\u0435\u0447\u0430\u0442\u043b\u0435\u043d\u0438\u044f \u043e\u0442 \u0438\u0433\u0440<\/a><\/h4>\n\t\t\t\t\t\t\t\t\t<div class=\"text\">\u0417\u0430\u0439\u0434\u044f \u043d\u0430 \u0438\u0437\u0432\u0435\u0441\u0442\u043d\u044b\u0439 \u0440\u0435\u0441\u0443\u0440\u0441 \u0430\u0437\u0430\u0440\u0442\u043d\u044b\u0445 \u0440\u0430\u0437\u0432\u043b\u0435\u0447\u0435\u043d\u0438\u0439 \u041a\u044d\u0442 \u041a\u0430\u0437\u0438\u043d\u043e, \u0432\u044b \u0441\u0440\u0430\u0437\u0443 ...<\/div>\n\t\t\t\t\t\t\t\t<\/div>\n\t\t\t\t\t\t\t<\/div>\n\t\t\t\t\t\t<\/div>\n\t\t\t\t\t\t                        <!-- News Block -->\n\t\t\t\t\t\t<div class=\"news-block-two col-lg-6 col-md-6 col-sm-12\">\n\t\t\t\t\t\t\t<div class=\"inner-box\">\n\t\t\t\t\t\t\t\t<div class=\"image\">\n\t\t\t\t\t\t\t\t\t<a href=\"https:\/\/trisatyaa.com\/index.php\/2026\/03\/07\/canli-krupiyelerle-casino-keyfi-mariobet-guncel-platformunda\/\"><\/a>\n\t\t\t\t\t\t\t\t\t<div class=\"post-date\">March 7, 2026<\/div>\n\t\t\t\t\t\t\t\t<\/div>\n\t\t\t\t\t\t\t\t<div class=\"lower-content\">\n\t\t\t\t\t\t\t\t\t<ul class=\"post-meta\">\n\t\t\t\t\t\t\t\t\t\t<li><span class=\"icon fa fa-user\"><\/span>wadmine<\/li>\n\t\t\t\t\t\t\t\t\t\t<li><span class=\"icon fa fa-comment\"><\/span>0 Comments<\/li>\n\t\t\t\t\t\t\t\t\t<\/ul>\n\t\t\t\t\t\t\t\t\t<h4><a href=\"https:\/\/trisatyaa.com\/index.php\/2026\/03\/07\/canli-krupiyelerle-casino-keyfi-mariobet-guncel-platformunda\/\">Canl\u0131 krupiyelerle casino keyfi Mariobet g\u00fcncel platformunda<\/a><\/h4>\n\t\t\t\t\t\t\t\t\t<div class=\"text\">Content Mariobet Bahis Sitesine G\u00fcvenilir Giri\u015f Nas\u0131l Yap\u0131l\u0131r? 7\/24 aktif ...<\/div>\n\t\t\t\t\t\t\t\t<\/div>\n\t\t\t\t\t\t\t<\/div>\n\t\t\t\t\t\t<\/div>\n\t\t\t\t\t\t                        <!-- News Block -->\n\t\t\t\t\t\t<div class=\"news-block-two col-lg-6 col-md-6 col-sm-12\">\n\t\t\t\t\t\t\t<div class=\"inner-box\">\n\t\t\t\t\t\t\t\t<div class=\"image\">\n\t\t\t\t\t\t\t\t\t<a href=\"https:\/\/trisatyaa.com\/index.php\/2026\/03\/07\/kazino-admiral-oficialyniy-sayt-zerkalo-pomozet-igraty-onlayn-bez-blokirovok\/\"><\/a>\n\t\t\t\t\t\t\t\t\t<div class=\"post-date\">March 7, 2026<\/div>\n\t\t\t\t\t\t\t\t<\/div>\n\t\t\t\t\t\t\t\t<div class=\"lower-content\">\n\t\t\t\t\t\t\t\t\t<ul class=\"post-meta\">\n\t\t\t\t\t\t\t\t\t\t<li><span class=\"icon fa fa-user\"><\/span>wadmine<\/li>\n\t\t\t\t\t\t\t\t\t\t<li><span class=\"icon fa fa-comment\"><\/span>0 Comments<\/li>\n\t\t\t\t\t\t\t\t\t<\/ul>\n\t\t\t\t\t\t\t\t\t<h4><a href=\"https:\/\/trisatyaa.com\/index.php\/2026\/03\/07\/kazino-admiral-oficialyniy-sayt-zerkalo-pomozet-igraty-onlayn-bez-blokirovok\/\">\u041a\u0430\u0437\u0438\u043d\u043e \u0410\u0434\u043c\u0438\u0440\u0430\u043b \u041e\u0444\u0438\u0446\u0438\u0430\u043b\u044c\u043d\u044b\u0439 \u0421\u0430\u0439\u0442 &#8211; \u0417\u0435\u0440\u043a\u0430\u043b\u043e \u041f\u043e\u043c\u043e\u0436\u0435\u0442 \u0418\u0433\u0440\u0430\u0442\u044c \u041e\u043d\u043b\u0430\u0439\u043d \u0411\u0435\u0437 \u0411\u043b\u043e\u043a\u0438\u0440\u043e\u0432\u043e\u043a<\/a><\/h4>\n\t\t\t\t\t\t\t\t\t<div class=\"text\">Content \u0412\u0445\u043e\u0434 \u0412 \u041b\u0438\u0447\u043d\u044b\u0439 \u041a\u0430\u0431\u0438\u043d\u0435\u0442 \u041e\u043d\u043b\u0430\u0439\u043d \u041a\u0430\u0437\u0438\u043d\u043e Admiral-xxx \u0420\u0435\u0433\u0438\u0441\u0442\u0440\u0430\u0446\u0438\u044f \u0412 ...<\/div>\n\t\t\t\t\t\t\t\t<\/div>\n\t\t\t\t\t\t\t<\/div>\n\t\t\t\t\t\t<\/div>\n\t\t\t\t\t\t\t\t\t\t\t<\/div>\n\t\t\t\t\t\t\t\t\t\t<!-- Styled Pagination -->\n\t\t\t\t\t<div class=\"styled-pagination text-center\">\n\t\t\t\t\t\t<ul class=\"pagination\">\n\t<li><span aria-current=\"page\" class=\"page-numbers current\">1<\/span><\/li>\n\t<li><a class=\"page-numbers\" href=\"https:\/\/trisatyaa.com\/index.php\/wp-json\/wp\/v2\/pages\/75\/page\/2\/\">2<\/a><\/li>\n\t<li><a class=\"page-numbers\" href=\"https:\/\/trisatyaa.com\/index.php\/wp-json\/wp\/v2\/pages\/75\/page\/3\/\">3<\/a><\/li>\n\t<li><span class=\"page-numbers dots\">&hellip;<\/span><\/li>\n\t<li><a class=\"page-numbers\" href=\"https:\/\/trisatyaa.com\/index.php\/wp-json\/wp\/v2\/pages\/75\/page\/9\/\">9<\/a><\/li>\n\t<li><a class=\"next page-numbers\" href=\"https:\/\/trisatyaa.com\/index.php\/wp-json\/wp\/v2\/pages\/75\/page\/2\/\"><span class=\"fa fa-angle-right\"><\/span><\/a><\/li>\n<\/ul>\n                    <\/div>\n\t\t\t\t\t<!-- End Styled Pagination -->\n\t\t\t\t\t\t\t\t\t<\/div>\n                                \t\t\t\t<!-- Sidebar Side \/ Left Sidebar -->\n                <div class=\"sidebar-side col-lg-4 col-md-12 col-sm-12\">\n                \t<aside class=\"sidebar\">\n\t\t\t\t\t\t<div id=\"search-2\" class=\"widget sidebar-widget widget_search\"><!-- Search -->\r\n<div class=\"search-box\">\r\n    <form method=\"post\" action=\"https:\/\/trisatyaa.com\/\">\r\n        <div class=\"form-group\">\r\n            <input type=\"search\" name=\"s\" value=\"\" placeholder=\"Search here...\" required>\r\n            <button type=\"submit\"><span class=\"icon fa fa-search\"><\/span><\/button>\r\n        <\/div>\r\n    <\/form>\r\n<\/div><\/div><div id=\"categories-2\" class=\"widget sidebar-widget widget_categories\"><div class=\"title-box\"><h4>Categories<\/h4><\/div>\n\t\t\t<ul>\n\t\t\t\t\t<li class=\"cat-item cat-item-16\"><a href=\"https:\/\/trisatyaa.com\/index.php\/category\/architecture\/\">Architecture<\/a>\n<\/li>\n\t<li class=\"cat-item cat-item-1\"><a href=\"https:\/\/trisatyaa.com\/index.php\/category\/blog\/\">Blog<\/a>\n<\/li>\n\t<li class=\"cat-item cat-item-17\"><a href=\"https:\/\/trisatyaa.com\/index.php\/category\/construction\/\">Construction<\/a>\n<\/li>\n\t<li class=\"cat-item cat-item-18\"><a href=\"https:\/\/trisatyaa.com\/index.php\/category\/ideal-design\/\">Ideal design<\/a>\n<\/li>\n\t\t\t<\/ul>\n\n\t\t\t<\/div><div id=\"bricks_company_projects-1\" class=\"widget sidebar-widget widget_bricks_company_projects\">\t\t<!-- Company Widget -->\n        <div class=\"company-widget\">\n            <!-- Sidebar Title -->\n            <div class=\"title-box\"><h4>Company Projects<\/h4><\/div>            <div class=\"widget-content\">\n            \t        \n           \t<!-- Title -->\n                        <!-- Project Widget -->\n            <div class=\"project-widget\">\n                <div class=\"inner-box\">\n                    <div class=\"image\">\n                        <img fetchpriority=\"high\" decoding=\"async\" width=\"310\" height=\"203\" src=\"https:\/\/trisatyaa.com\/wp-content\/uploads\/2022\/10\/25-1-310x203.jpg\" class=\"attachment-bricks_310x203 size-bricks_310x203 wp-post-image\" alt=\"\" \/>                        <div class=\"overlay-box\">\n                            <div class=\"content\">\n                                <h5><a href=\"https:\/\/trisatyaa.com\/index.php\/project\/dassault-falcon-storage-training-addition-12\/\">Dassault Falcon Storage <br> Training Addition<\/a><\/h5>\n                                <div class=\"role\">Our Role: <span>Architecture<\/span><\/div>\n                            <\/div>\n                        <\/div>\n                    <\/div>\n                <\/div>\n            <\/div>\n                        <!-- Project Widget -->\n            <div class=\"project-widget\">\n                <div class=\"inner-box\">\n                    <div class=\"image\">\n                        <img decoding=\"async\" width=\"310\" height=\"203\" src=\"https:\/\/trisatyaa.com\/wp-content\/uploads\/2022\/10\/24-1-310x203.jpg\" class=\"attachment-bricks_310x203 size-bricks_310x203 wp-post-image\" alt=\"\" \/>                        <div class=\"overlay-box\">\n                            <div class=\"content\">\n                                <h5><a href=\"https:\/\/trisatyaa.com\/index.php\/project\/dassault-falcon-storage-training-addition-11\/\">Dassault Falcon Storage <br> Training Addition<\/a><\/h5>\n                                <div class=\"role\">Our Role: <span>Architecture<\/span><\/div>\n                            <\/div>\n                        <\/div>\n                    <\/div>\n                <\/div>\n            <\/div>\n                            \n                        \n            <\/div>\n        <\/div>\n                \n        <\/div><div id=\"bricks_subscribe_now-1\" class=\"widget sidebar-widget widget_bricks_subscribe_now\">      \t\t<!-- Subscribe Widget -->\n            <div class=\"subscribe-widget\">\n                                <h5>Subscribe Now to Get Daily Updates.<\/h5>\n                                <!-- Email Form -->\n                <div class=\"email-form\">\n                    <script>(function() {\n\twindow.mc4wp = window.mc4wp || {\n\t\tlisteners: [],\n\t\tforms: {\n\t\t\ton: function(evt, cb) {\n\t\t\t\twindow.mc4wp.listeners.push(\n\t\t\t\t\t{\n\t\t\t\t\t\tevent   : evt,\n\t\t\t\t\t\tcallback: cb\n\t\t\t\t\t}\n\t\t\t\t);\n\t\t\t}\n\t\t}\n\t}\n})();\n<\/script><!-- Mailchimp for WordPress v4.9.13 - https:\/\/wordpress.org\/plugins\/mailchimp-for-wp\/ --><form id=\"mc4wp-form-1\" class=\"mc4wp-form mc4wp-form-902\" method=\"post\" data-id=\"902\" data-name=\"\" ><div class=\"mc4wp-form-fields\"><div class=\"form-group\">\n  <span class=\"icon fa fa-envelope\"><\/span>\n  <input type=\"email\" name=\"EMAIL\" placeholder=\"Enter Your Email Address\" required \/>\n  <button type=\"submit\" class=\"theme-btn btn-style-one\"><span class=\"txt\">Subscribe<\/span><\/button>\n<\/div><\/div><label style=\"display: none !important;\">Leave this field empty if you're human: <input type=\"text\" name=\"_mc4wp_honeypot\" value=\"\" tabindex=\"-1\" autocomplete=\"off\" \/><\/label><input type=\"hidden\" name=\"_mc4wp_timestamp\" value=\"1776387925\" \/><input type=\"hidden\" name=\"_mc4wp_form_id\" value=\"902\" \/><input type=\"hidden\" name=\"_mc4wp_form_element_id\" value=\"mc4wp-form-1\" \/><div class=\"mc4wp-response\"><\/div><\/form><!-- \/ Mailchimp for WordPress Plugin -->                    \n                <\/div>\n            <\/div>\n            \n        <\/div><div id=\"archives-2\" class=\"widget sidebar-widget widget_archive\"><div class=\"title-box\"><h4>Archives<\/h4><\/div>\n\t\t\t<ul>\n\t\t\t\t\t<li><a href='https:\/\/trisatyaa.com\/index.php\/2026\/04\/'>April 2026<\/a><\/li>\n\t<li><a href='https:\/\/trisatyaa.com\/index.php\/2026\/03\/'>March 2026<\/a><\/li>\n\t<li><a href='https:\/\/trisatyaa.com\/index.php\/2026\/02\/'>February 2026<\/a><\/li>\n\t<li><a href='https:\/\/trisatyaa.com\/index.php\/2026\/01\/'>January 2026<\/a><\/li>\n\t<li><a href='https:\/\/trisatyaa.com\/index.php\/2025\/12\/'>December 2025<\/a><\/li>\n\t<li><a href='https:\/\/trisatyaa.com\/index.php\/2025\/11\/'>November 2025<\/a><\/li>\n\t<li><a href='https:\/\/trisatyaa.com\/index.php\/2025\/10\/'>October 2025<\/a><\/li>\n\t<li><a href='https:\/\/trisatyaa.com\/index.php\/2025\/09\/'>September 2025<\/a><\/li>\n\t<li><a href='https:\/\/trisatyaa.com\/index.php\/2025\/08\/'>August 2025<\/a><\/li>\n\t<li><a href='https:\/\/trisatyaa.com\/index.php\/2025\/07\/'>July 2025<\/a><\/li>\n\t<li><a href='https:\/\/trisatyaa.com\/index.php\/2025\/06\/'>June 2025<\/a><\/li>\n\t<li><a href='https:\/\/trisatyaa.com\/index.php\/2025\/05\/'>May 2025<\/a><\/li>\n\t<li><a href='https:\/\/trisatyaa.com\/index.php\/2022\/10\/'>October 2022<\/a><\/li>\n\t\t\t<\/ul>\n\n\t\t\t<\/div>\t\t\t\t\t<\/aside>\n\t\t\t\t<\/div>\n\t\t\t\t\t\t\t\t\n\t\t\t<\/div>\n\t\t<\/div>\n\t<\/div>\n\t<!-- End Sidebar Page Container -->\n\t\n      \t\t<\/div>\n\t\t\t\t<\/div>\n\t\t\t\t\t<\/div>\n\t\t<\/div>\n\t\t\t\t\t<\/div>\n\t\t<\/section>\n\t\t\t\t<\/div>\n\t\t","protected":false},"excerpt":{"rendered":"<p>October 20, 2022 admin 0 Comments How do we manage quality assurances? The gracious entry foyer leads to an open kitchen with &#8230; October 11, 2022 admin 0 Comments Capitalise on low hangings fruit to identify The newly finished Academy Museum of Motion Pictures is more &#8230; October 11, 2022 admin 0 Comments How do [&hellip;]<\/p>\n","protected":false},"author":1,"featured_media":0,"parent":0,"menu_order":0,"comment_status":"closed","ping_status":"closed","template":"tpl-default-elementor.php","meta":{"footnotes":""},"class_list":["post-75","page","type-page","status-publish","hentry"],"_links":{"self":[{"href":"https:\/\/trisatyaa.com\/index.php\/wp-json\/wp\/v2\/pages\/75","targetHints":{"allow":["GET"]}}],"collection":[{"href":"https:\/\/trisatyaa.com\/index.php\/wp-json\/wp\/v2\/pages"}],"about":[{"href":"https:\/\/trisatyaa.com\/index.php\/wp-json\/wp\/v2\/types\/page"}],"author":[{"embeddable":true,"href":"https:\/\/trisatyaa.com\/index.php\/wp-json\/wp\/v2\/users\/1"}],"replies":[{"embeddable":true,"href":"https:\/\/trisatyaa.com\/index.php\/wp-json\/wp\/v2\/comments?post=75"}],"version-history":[{"count":1,"href":"https:\/\/trisatyaa.com\/index.php\/wp-json\/wp\/v2\/pages\/75\/revisions"}],"predecessor-version":[{"id":2079,"href":"https:\/\/trisatyaa.com\/index.php\/wp-json\/wp\/v2\/pages\/75\/revisions\/2079"}],"wp:attachment":[{"href":"https:\/\/trisatyaa.com\/index.php\/wp-json\/wp\/v2\/media?parent=75"}],"curies":[{"name":"wp","href":"https:\/\/api.w.org\/{rel}","templated":true}]}}