{"id":69,"date":"2022-09-29T05:37:12","date_gmt":"2022-09-29T05:37:12","guid":{"rendered":"http:\/\/wp1.efforttech.com\/wp\/bricks\/?page_id=69"},"modified":"2023-08-18T08:15:46","modified_gmt":"2023-08-18T08:15:46","slug":"our-blog","status":"publish","type":"page","link":"https:\/\/trisatyaa.com\/index.php\/our-blog\/","title":{"rendered":"Our Blog"},"content":{"rendered":"\t\t<div data-elementor-type=\"wp-page\" data-elementor-id=\"69\" class=\"elementor elementor-69\">\n\t\t\t\t\t\t<section class=\"elementor-section elementor-top-section elementor-element elementor-element-bbb692d elementor-section-full_width elementor-section-height-default elementor-section-height-default\" data-id=\"bbb692d\" data-element_type=\"section\">\n\t\t\t\t\t\t<div class=\"elementor-container elementor-column-gap-default\">\n\t\t\t\t\t<div class=\"elementor-column elementor-col-100 elementor-top-column elementor-element elementor-element-5358edf\" data-id=\"5358edf\" data-element_type=\"column\">\n\t\t\t<div class=\"elementor-widget-wrap elementor-element-populated\">\n\t\t\t\t\t\t<div class=\"elementor-element elementor-element-ffa59e7 elementor-widget elementor-widget-bricks_our_blog_2\" data-id=\"ffa59e7\" data-element_type=\"widget\" data-widget_type=\"bricks_our_blog_2.default\">\n\t\t\t\t<div class=\"elementor-widget-container\">\n\t\t\t  \n    \n    <!-- News Section -->\n\t<section class=\"news-section\" id=\"blog\">\n\t\t<div class=\"auto-container\">        \n         \t         \t\n\t\t\t<div class=\"row clearfix\">\t\t\t\n            \t            \n\t\t\t\t<!-- News Block -->\n\t\t\t\t<div class=\"news-block-two col-lg-4 col-md-6 col-sm-12\">\n\t\t\t\t\t<div class=\"inner-box wow fadeInLeft\" data-wow-delay=\"300ms\" data-wow-duration=\"1500ms\">\n\t\t\t\t\t\t<div class=\"image\">\n\t\t\t\t\t\t\t<a href=\"https:\/\/trisatyaa.com\/index.php\/2026\/04\/30\/kak-skacaty-kazino-777-oficialyniy-sayt-vhod-s-bonusom-za-registraciyu\/\"><\/a>\n\t\t\t\t\t\t\t<div class=\"post-date\">April 30, 2026<\/div>\n\t\t\t\t\t\t<\/div>\n\t\t\t\t\t\t<div class=\"lower-content\">\n\t\t\t\t\t\t\t<ul class=\"post-meta\">\n\t\t\t\t\t\t\t\t<li><span class=\"icon fa fa-user\"><\/span>wadmine<\/li>\n\t\t\t\t\t\t\t\t<li><span class=\"icon fa fa-comment\"><\/span>0 Comments<\/li>\n\t\t\t\t\t\t\t<\/ul>\n\t\t\t\t\t\t\t<h4><a href=\"https:\/\/trisatyaa.com\/index.php\/2026\/04\/30\/kak-skacaty-kazino-777-oficialyniy-sayt-vhod-s-bonusom-za-registraciyu\/\">\u041a\u0430\u043a \u0421\u043a\u0430\u0447\u0430\u0442\u044c \u041a\u0430\u0437\u0438\u043d\u043e 777 \u041e\u0444\u0438\u0446\u0438\u0430\u043b\u044c\u043d\u044b\u0439 \u0421\u0430\u0439\u0442 \u0412\u0445\u043e\u0434 \u0421 \u0411\u043e\u043d\u0443\u0441\u043e\u043c \u0417\u0430 \u0420\u0435\u0433\u0438\u0441\u0442\u0440\u0430\u0446\u0438\u044e<\/a><\/h4>\n\t\t\t\t\t\t\t<div class=\"text\">Content \u0435\u0432\u0440\u043e \u0437\u0430 \u043f\u0435\u0440\u0432\u044b\u0439 \u0431\u043e\u043d\u0443\u0441 \u0438 \u0434\u0440\u0443\u0433\u0438\u0435 \u043f\u043e\u0434\u0430\u0440\u043a\u0438 \u0411\u0435\u0437\u0434\u0435\u043f\u043e\u0437\u0438\u0442\u043d\u044b\u0439 \u0431\u043e\u043d\u0443\u0441 ...<\/div>\n\t\t\t\t\t\t<\/div>\n\t\t\t\t\t<\/div>\n\t\t\t\t<\/div>                \n\t\t\t\t            \n\t\t\t\t<!-- News Block -->\n\t\t\t\t<div class=\"news-block-two col-lg-4 col-md-6 col-sm-12\">\n\t\t\t\t\t<div class=\"inner-box wow fadeInLeft\" data-wow-delay=\"300ms\" data-wow-duration=\"1500ms\">\n\t\t\t\t\t\t<div class=\"image\">\n\t\t\t\t\t\t\t<a href=\"https:\/\/trisatyaa.com\/index.php\/2026\/04\/30\/pin-ap-kazino-onlayn-onlaynkazino-predlagaet-lucsiy-koefficient-kompensacii\/\"><\/a>\n\t\t\t\t\t\t\t<div class=\"post-date\">April 30, 2026<\/div>\n\t\t\t\t\t\t<\/div>\n\t\t\t\t\t\t<div class=\"lower-content\">\n\t\t\t\t\t\t\t<ul class=\"post-meta\">\n\t\t\t\t\t\t\t\t<li><span class=\"icon fa fa-user\"><\/span>wadmine<\/li>\n\t\t\t\t\t\t\t\t<li><span class=\"icon fa fa-comment\"><\/span>0 Comments<\/li>\n\t\t\t\t\t\t\t<\/ul>\n\t\t\t\t\t\t\t<h4><a href=\"https:\/\/trisatyaa.com\/index.php\/2026\/04\/30\/pin-ap-kazino-onlayn-onlaynkazino-predlagaet-lucsiy-koefficient-kompensacii\/\">\u041f\u0438\u043d \u0410\u043f \u041a\u0430\u0437\u0438\u043d\u043e \u041e\u043d\u043b\u0430\u0439\u043d &#8211; \u041e\u043d\u043b\u0430\u0439\u043d-\u043a\u0430\u0437\u0438\u043d\u043e \u043f\u0440\u0435\u0434\u043b\u0430\u0433\u0430\u0435\u0442 \u043b\u0443\u0447\u0448\u0438\u0439 \u043a\u043e\u044d\u0444\u0444\u0438\u0446\u0438\u0435\u043d\u0442 \u043a\u043e\u043c\u043f\u0435\u043d\u0441\u0430\u0446\u0438\u0438<\/a><\/h4>\n\t\t\t\t\t\t\t<div class=\"text\">Content \u0411\u0435\u0437\u043e\u043f\u0430\u0441\u043d\u043e\u0441\u0442\u044c \u0438 \u043f\u043e\u0434\u0434\u0435\u0440\u0436\u043a\u0430 \u043a\u043b\u0438\u0435\u043d\u0442\u043e\u0432 \u0432 \u041e\u043d\u043b\u0430\u0439\u043d Pin-Up \u043a\u0430\u0437\u0438\u043d\u043e \u041a\u0430\u0437\u0438\u043d\u043e ...<\/div>\n\t\t\t\t\t\t<\/div>\n\t\t\t\t\t<\/div>\n\t\t\t\t<\/div>                \n\t\t\t\t            \n\t\t\t\t<!-- News Block -->\n\t\t\t\t<div class=\"news-block-two col-lg-4 col-md-6 col-sm-12\">\n\t\t\t\t\t<div class=\"inner-box wow fadeInLeft\" data-wow-delay=\"300ms\" data-wow-duration=\"1500ms\">\n\t\t\t\t\t\t<div class=\"image\">\n\t\t\t\t\t\t\t<a href=\"https:\/\/trisatyaa.com\/index.php\/2026\/04\/29\/by-casino-bahis-aninda-odeme-ve-buyuk-promosyonlar\/\"><\/a>\n\t\t\t\t\t\t\t<div class=\"post-date\">April 29, 2026<\/div>\n\t\t\t\t\t\t<\/div>\n\t\t\t\t\t\t<div class=\"lower-content\">\n\t\t\t\t\t\t\t<ul class=\"post-meta\">\n\t\t\t\t\t\t\t\t<li><span class=\"icon fa fa-user\"><\/span>wadmine<\/li>\n\t\t\t\t\t\t\t\t<li><span class=\"icon fa fa-comment\"><\/span>0 Comments<\/li>\n\t\t\t\t\t\t\t<\/ul>\n\t\t\t\t\t\t\t<h4><a href=\"https:\/\/trisatyaa.com\/index.php\/2026\/04\/29\/by-casino-bahis-aninda-odeme-ve-buyuk-promosyonlar\/\">By Casino Bahis \u2013 An\u0131nda odeme ve Buyuk Promosyonlar<\/a><\/h4>\n\t\t\t\t\t\t\t<div class=\"text\">Content Bu sayede kullan\u0131c\u0131lar, herhangi bir kesinti ya\u015famadan siteye eri\u015fim ...<\/div>\n\t\t\t\t\t\t<\/div>\n\t\t\t\t\t<\/div>\n\t\t\t\t<\/div>                \n\t\t\t\t            \n\t\t\t\t<!-- News Block -->\n\t\t\t\t<div class=\"news-block-two col-lg-4 col-md-6 col-sm-12\">\n\t\t\t\t\t<div class=\"inner-box wow fadeInLeft\" data-wow-delay=\"300ms\" data-wow-duration=\"1500ms\">\n\t\t\t\t\t\t<div class=\"image\">\n\t\t\t\t\t\t\t<a href=\"https:\/\/trisatyaa.com\/index.php\/2026\/04\/28\/most-bet-ile-guvenli-ve-karli-bahis-rehberi\/\"><\/a>\n\t\t\t\t\t\t\t<div class=\"post-date\">April 28, 2026<\/div>\n\t\t\t\t\t\t<\/div>\n\t\t\t\t\t\t<div class=\"lower-content\">\n\t\t\t\t\t\t\t<ul class=\"post-meta\">\n\t\t\t\t\t\t\t\t<li><span class=\"icon fa fa-user\"><\/span>wadmine<\/li>\n\t\t\t\t\t\t\t\t<li><span class=\"icon fa fa-comment\"><\/span>0 Comments<\/li>\n\t\t\t\t\t\t\t<\/ul>\n\t\t\t\t\t\t\t<h4><a href=\"https:\/\/trisatyaa.com\/index.php\/2026\/04\/28\/most-bet-ile-guvenli-ve-karli-bahis-rehberi\/\">Most Bet ile Guvenli ve Karli Bahis Rehberi<div id=\"toc\" style=\"background: #f9f9f2;border: 1px solid #aaa;display:<\/a><\/h4>\n\t\t\t\t\t\t\t<div class=\"text\">table;margin-bottom: 1em;padding: 1em;width: 350px;&#8221;&gt; Content Y\u00fcksek Oranl\u0131 Bahislerde Nelere Dikkat ...<\/div>\n\t\t\t\t\t\t<\/div>\n\t\t\t\t\t<\/div>\n\t\t\t\t<\/div>                \n\t\t\t\t            \n\t\t\t\t<!-- News Block -->\n\t\t\t\t<div class=\"news-block-two col-lg-4 col-md-6 col-sm-12\">\n\t\t\t\t\t<div class=\"inner-box wow fadeInLeft\" data-wow-delay=\"300ms\" data-wow-duration=\"1500ms\">\n\t\t\t\t\t\t<div class=\"image\">\n\t\t\t\t\t\t\t<a href=\"https:\/\/trisatyaa.com\/index.php\/2026\/04\/28\/preimushtestva-igri-na-mobilynom-sayte-riobet-rabocee-zerkalo-na-segodnya\/\"><\/a>\n\t\t\t\t\t\t\t<div class=\"post-date\">April 28, 2026<\/div>\n\t\t\t\t\t\t<\/div>\n\t\t\t\t\t\t<div class=\"lower-content\">\n\t\t\t\t\t\t\t<ul class=\"post-meta\">\n\t\t\t\t\t\t\t\t<li><span class=\"icon fa fa-user\"><\/span>wadmine<\/li>\n\t\t\t\t\t\t\t\t<li><span class=\"icon fa fa-comment\"><\/span>0 Comments<\/li>\n\t\t\t\t\t\t\t<\/ul>\n\t\t\t\t\t\t\t<h4><a href=\"https:\/\/trisatyaa.com\/index.php\/2026\/04\/28\/preimushtestva-igri-na-mobilynom-sayte-riobet-rabocee-zerkalo-na-segodnya\/\">\u041f\u0440\u0435\u0438\u043c\u0443\u0449\u0435\u0441\u0442\u0432\u0430 \u0418\u0433\u0440\u044b \u041d\u0430 \u041c\u043e\u0431\u0438\u043b\u044c\u043d\u043e\u043c \u0421\u0430\u0439\u0442\u0435 &#8211; \u0420\u0438\u043e\u0431\u0435\u0442 \u0420\u0430\u0431\u043e\u0447\u0435\u0435 \u0417\u0435\u0440\u043a\u0430\u043b\u043e \u041d\u0430 \u0421\u0435\u0433\u043e\u0434\u043d\u044f<\/a><\/h4>\n\t\t\t\t\t\t\t<div class=\"text\">Content \u0418\u0433\u0440\u043e\u0432\u0430\u044f \u043f\u043b\u0430\u0442\u0444\u043e\u0440\u043c\u0430 Rio bet : \u0411\u0435\u0437\u043e\u043f\u0430\u0441\u043d\u043e\u0441\u0442\u044c \u0438 \u043b\u0438\u0446\u0435\u043d\u0437\u0438\u0440\u043e\u0432\u0430\u043d\u0438\u0435 \u0420\u0435\u0430\u043b\u044c\u043d\u044b\u0435 ...<\/div>\n\t\t\t\t\t\t<\/div>\n\t\t\t\t\t<\/div>\n\t\t\t\t<\/div>                \n\t\t\t\t            \n\t\t\t\t<!-- News Block -->\n\t\t\t\t<div class=\"news-block-two col-lg-4 col-md-6 col-sm-12\">\n\t\t\t\t\t<div class=\"inner-box wow fadeInLeft\" data-wow-delay=\"300ms\" data-wow-duration=\"1500ms\">\n\t\t\t\t\t\t<div class=\"image\">\n\t\t\t\t\t\t\t<a href=\"https:\/\/trisatyaa.com\/index.php\/2026\/04\/28\/aviator-ile-heyecan-dolu-bir-ucusa-cik\/\"><\/a>\n\t\t\t\t\t\t\t<div class=\"post-date\">April 28, 2026<\/div>\n\t\t\t\t\t\t<\/div>\n\t\t\t\t\t\t<div class=\"lower-content\">\n\t\t\t\t\t\t\t<ul class=\"post-meta\">\n\t\t\t\t\t\t\t\t<li><span class=\"icon fa fa-user\"><\/span>wadmine<\/li>\n\t\t\t\t\t\t\t\t<li><span class=\"icon fa fa-comment\"><\/span>0 Comments<\/li>\n\t\t\t\t\t\t\t<\/ul>\n\t\t\t\t\t\t\t<h4><a href=\"https:\/\/trisatyaa.com\/index.php\/2026\/04\/28\/aviator-ile-heyecan-dolu-bir-ucusa-cik\/\">Aviator ile heyecan dolu bir u\u00e7u\u015fa \u00e7\u0131k<\/a><\/h4>\n\t\t\t\t\t\t\t<div class=\"text\">Content Mostbet MostBet oyna, platformu \u00fczerinde yap\u0131lan t\u00fcm finansal i\u015flemler ...<\/div>\n\t\t\t\t\t\t<\/div>\n\t\t\t\t\t<\/div>\n\t\t\t\t<\/div>                \n\t\t\t\t            \n\t\t\t\t<!-- News Block -->\n\t\t\t\t<div class=\"news-block-two col-lg-4 col-md-6 col-sm-12\">\n\t\t\t\t\t<div class=\"inner-box wow fadeInLeft\" data-wow-delay=\"300ms\" data-wow-duration=\"1500ms\">\n\t\t\t\t\t\t<div class=\"image\">\n\t\t\t\t\t\t\t<a href=\"https:\/\/trisatyaa.com\/index.php\/2026\/04\/28\/mobilde-sorunsuz-oyun-deneyimi-sunan-luks-casino-altyapisi\/\"><\/a>\n\t\t\t\t\t\t\t<div class=\"post-date\">April 28, 2026<\/div>\n\t\t\t\t\t\t<\/div>\n\t\t\t\t\t\t<div class=\"lower-content\">\n\t\t\t\t\t\t\t<ul class=\"post-meta\">\n\t\t\t\t\t\t\t\t<li><span class=\"icon fa fa-user\"><\/span>wadmine<\/li>\n\t\t\t\t\t\t\t\t<li><span class=\"icon fa fa-comment\"><\/span>0 Comments<\/li>\n\t\t\t\t\t\t\t<\/ul>\n\t\t\t\t\t\t\t<h4><a href=\"https:\/\/trisatyaa.com\/index.php\/2026\/04\/28\/mobilde-sorunsuz-oyun-deneyimi-sunan-luks-casino-altyapisi\/\">Mobilde sorunsuz oyun deneyimi sunan L\u00fcks casino altyap\u0131s\u0131<\/a><\/h4>\n\t\t\t\t\t\t\t<div class=\"text\">Content Casino Luks \u00dczerindeki Oyun \u00c7e\u015fitlili\u011fi Mobil Platform Avantajlar\u0131yla Her ...<\/div>\n\t\t\t\t\t\t<\/div>\n\t\t\t\t\t<\/div>\n\t\t\t\t<\/div>                \n\t\t\t\t            \n\t\t\t\t<!-- News Block -->\n\t\t\t\t<div class=\"news-block-two col-lg-4 col-md-6 col-sm-12\">\n\t\t\t\t\t<div class=\"inner-box wow fadeInLeft\" data-wow-delay=\"300ms\" data-wow-duration=\"1500ms\">\n\t\t\t\t\t\t<div class=\"image\">\n\t\t\t\t\t\t\t<a href=\"https:\/\/trisatyaa.com\/index.php\/2026\/04\/28\/youwin-hepsibahis-turkiye-casino-buyuk-bonuslarla-oyna\/\"><\/a>\n\t\t\t\t\t\t\t<div class=\"post-date\">April 28, 2026<\/div>\n\t\t\t\t\t\t<\/div>\n\t\t\t\t\t\t<div class=\"lower-content\">\n\t\t\t\t\t\t\t<ul class=\"post-meta\">\n\t\t\t\t\t\t\t\t<li><span class=\"icon fa fa-user\"><\/span>wadmine<\/li>\n\t\t\t\t\t\t\t\t<li><span class=\"icon fa fa-comment\"><\/span>0 Comments<\/li>\n\t\t\t\t\t\t\t<\/ul>\n\t\t\t\t\t\t\t<h4><a href=\"https:\/\/trisatyaa.com\/index.php\/2026\/04\/28\/youwin-hepsibahis-turkiye-casino-buyuk-bonuslarla-oyna\/\">Youwin Hepsibahis T\u00fcrkiye Casino \u2014 B\u00fcy\u00fck Bonuslarla Oyna<\/a><\/h4>\n\t\t\t\t\t\t\t<div class=\"text\">Content \u00dcye olman\u0131z i\u00e7in istenen bilgiler ise \u015f\u00f6yledir; Banka Havalesi, ...<\/div>\n\t\t\t\t\t\t<\/div>\n\t\t\t\t\t<\/div>\n\t\t\t\t<\/div>                \n\t\t\t\t            \n\t\t\t\t<!-- News Block -->\n\t\t\t\t<div class=\"news-block-two col-lg-4 col-md-6 col-sm-12\">\n\t\t\t\t\t<div class=\"inner-box wow fadeInLeft\" data-wow-delay=\"300ms\" data-wow-duration=\"1500ms\">\n\t\t\t\t\t\t<div class=\"image\">\n\t\t\t\t\t\t\t<a href=\"https:\/\/trisatyaa.com\/index.php\/2026\/04\/24\/mostbet-platformasinda-istifadeci-sorgulari-ve-rey-sistemleri\/\"><\/a>\n\t\t\t\t\t\t\t<div class=\"post-date\">April 24, 2026<\/div>\n\t\t\t\t\t\t<\/div>\n\t\t\t\t\t\t<div class=\"lower-content\">\n\t\t\t\t\t\t\t<ul class=\"post-meta\">\n\t\t\t\t\t\t\t\t<li><span class=\"icon fa fa-user\"><\/span>wadmine<\/li>\n\t\t\t\t\t\t\t\t<li><span class=\"icon fa fa-comment\"><\/span>0 Comments<\/li>\n\t\t\t\t\t\t\t<\/ul>\n\t\t\t\t\t\t\t<h4><a href=\"https:\/\/trisatyaa.com\/index.php\/2026\/04\/24\/mostbet-platformasinda-istifadeci-sorgulari-ve-rey-sistemleri\/\">Mostbet platformas\u0131nda istifad\u0259\u00e7i sor\u011fular\u0131 v\u0259 r\u0259y sisteml\u0259ri<div id=\"toc\" style=\"background: #f9f9f2;border: 1px solid #aaa;display:<\/a><\/h4>\n\t\t\t\t\t\t\t<div class=\"text\">table;margin-bottom: 1em;padding: 1em;width: 350px;&#8221;&gt; Content Most bet istifad\u0259\u00e7il\u0259rinin \u00fcmumi t\u0259cr\u00fcb\u0259l\u0259rinin ...<\/div>\n\t\t\t\t\t\t<\/div>\n\t\t\t\t\t<\/div>\n\t\t\t\t<\/div>                \n\t\t\t\t\t\t\t\n\t\t\t<\/div>\n\t\t\t\t\t\t<!-- Button Box -->\n\t\t\t<div class=\"button-box text-center\">\n\t\t\t\t<a class=\"btn-style-two theme-btn\" href=\"https:\/\/wp1.yogsthemes.com\/wp\/bricks\/blog-classic\/\"><span class=\"txt\">Read More<\/span><\/a>\n\t\t\t<\/div>\n\t\t\t\t\t<\/div>\n\t<\/section>\n\t<!-- End News Section -->\n\t\n      \t\t<\/div>\n\t\t\t\t<\/div>\n\t\t\t\t\t<\/div>\n\t\t<\/div>\n\t\t\t\t\t<\/div>\n\t\t<\/section>\n\t\t\t\t<\/div>\n\t\t","protected":false},"excerpt":{"rendered":"<p>October 20, 2022 admin 0 Comments How do we manage quality assurances? The gracious entry foyer leads to an open kitchen with &#8230; October 11, 2022 admin 3 Comments Capitalise on low hangings fruit to identify The newly finished Academy Museum of Motion Pictures is more &#8230; October 11, 2022 admin 0 Comments How do [&hellip;]<\/p>\n","protected":false},"author":1,"featured_media":0,"parent":0,"menu_order":0,"comment_status":"closed","ping_status":"closed","template":"tpl-default-elementor.php","meta":{"footnotes":""},"class_list":["post-69","page","type-page","status-publish","hentry"],"_links":{"self":[{"href":"https:\/\/trisatyaa.com\/index.php\/wp-json\/wp\/v2\/pages\/69","targetHints":{"allow":["GET"]}}],"collection":[{"href":"https:\/\/trisatyaa.com\/index.php\/wp-json\/wp\/v2\/pages"}],"about":[{"href":"https:\/\/trisatyaa.com\/index.php\/wp-json\/wp\/v2\/types\/page"}],"author":[{"embeddable":true,"href":"https:\/\/trisatyaa.com\/index.php\/wp-json\/wp\/v2\/users\/1"}],"replies":[{"embeddable":true,"href":"https:\/\/trisatyaa.com\/index.php\/wp-json\/wp\/v2\/comments?post=69"}],"version-history":[{"count":1,"href":"https:\/\/trisatyaa.com\/index.php\/wp-json\/wp\/v2\/pages\/69\/revisions"}],"predecessor-version":[{"id":2077,"href":"https:\/\/trisatyaa.com\/index.php\/wp-json\/wp\/v2\/pages\/69\/revisions\/2077"}],"wp:attachment":[{"href":"https:\/\/trisatyaa.com\/index.php\/wp-json\/wp\/v2\/media?parent=69"}],"curies":[{"name":"wp","href":"https:\/\/api.w.org\/{rel}","templated":true}]}}